{"id":79,"date":"2025-01-17T15:12:37","date_gmt":"2025-01-17T14:12:37","guid":{"rendered":"http:\/\/www.ckrlaw.law\/?page_id=79"},"modified":"2026-03-06T14:32:18","modified_gmt":"2026-03-06T13:32:18","slug":"nos-avocats","status":"publish","type":"page","link":"https:\/\/www.ckrlaw.law\/en\/nos-avocats\/","title":{"rendered":"Our Lawyers"},"content":{"rendered":"","protected":false},"excerpt":{"rendered":"","protected":false},"author":1,"featured_media":0,"parent":0,"menu_order":4,"comment_status":"closed","ping_status":"closed","template":"nos-avocats.php","meta":{"_acf_changed":false,"footnotes":""},"class_list":["post-79","page","type-page","status-publish","hentry"],"acf":[],"yoast_head":"<!-- This site is optimized with the Yoast SEO plugin v27.1.1 - https:\/\/yoast.com\/product\/yoast-seo-wordpress\/ -->\n<title>Nos Avocats | Cabinet d&#039;Avocats d&#039;Affaires Paris | CKR Law<\/title>\n<meta name=\"description\" content=\"D\u00e9couvrez l&#039;\u00e9quipe d&#039;avocats du cabinet CKR Law \u00e0 Paris. Des experts engag\u00e9s pour vous conseiller et d\u00e9fendre vos int\u00e9r\u00eats.\" \/>\n<meta name=\"robots\" content=\"index, follow, max-snippet:-1, max-image-preview:large, max-video-preview:-1\" \/>\n<link rel=\"canonical\" href=\"https:\/\/www.ckrlaw.law\/en\/nos-avocats\/\" \/>\n<meta property=\"og:locale\" content=\"en_US\" \/>\n<meta property=\"og:type\" content=\"article\" \/>\n<meta property=\"og:title\" content=\"Nos Avocats | Cabinet d&#039;Avocats d&#039;Affaires Paris | CKR Law\" \/>\n<meta property=\"og:description\" content=\"D\u00e9couvrez l&#039;\u00e9quipe d&#039;avocats du cabinet CKR Law \u00e0 Paris. Des experts engag\u00e9s pour vous conseiller et d\u00e9fendre vos int\u00e9r\u00eats.\" \/>\n<meta property=\"og:url\" content=\"https:\/\/www.ckrlaw.law\/en\/nos-avocats\/\" \/>\n<meta property=\"og:site_name\" content=\"CKR-Laws\" \/>\n<meta property=\"article:publisher\" content=\"https:\/\/www.facebook.com\/CKRLawLLP\" \/>\n<meta property=\"article:modified_time\" content=\"2026-03-06T13:32:18+00:00\" \/>\n<meta name=\"twitter:card\" content=\"summary_large_image\" \/>\n<meta name=\"twitter:site\" content=\"@ckr_law\" \/>\n<script type=\"application\/ld+json\" class=\"yoast-schema-graph\">{\"@context\":\"https:\/\/schema.org\",\"@graph\":[{\"@type\":\"WebPage\",\"@id\":\"https:\/\/www.ckrlaw.law\/en\/nos-avocats\/\",\"url\":\"https:\/\/www.ckrlaw.law\/en\/nos-avocats\/\",\"name\":\"Nos Avocats | Cabinet d'Avocats d'Affaires Paris | CKR Law\",\"isPartOf\":{\"@id\":\"https:\/\/www.ckrlaw.law\/en\/#website\"},\"datePublished\":\"2025-01-17T14:12:37+00:00\",\"dateModified\":\"2026-03-06T13:32:18+00:00\",\"description\":\"D\u00e9couvrez l'\u00e9quipe d'avocats du cabinet CKR Law \u00e0 Paris. Des experts engag\u00e9s pour vous conseiller et d\u00e9fendre vos int\u00e9r\u00eats.\",\"breadcrumb\":{\"@id\":\"https:\/\/www.ckrlaw.law\/en\/nos-avocats\/#breadcrumb\"},\"inLanguage\":\"en-US\",\"potentialAction\":[{\"@type\":\"ReadAction\",\"target\":[\"https:\/\/www.ckrlaw.law\/en\/nos-avocats\/\"]}]},{\"@type\":\"BreadcrumbList\",\"@id\":\"https:\/\/www.ckrlaw.law\/en\/nos-avocats\/#breadcrumb\",\"itemListElement\":[{\"@type\":\"ListItem\",\"position\":1,\"name\":\"Accueil\",\"item\":\"https:\/\/www.ckrlaw.law\/en\/\"},{\"@type\":\"ListItem\",\"position\":2,\"name\":\"Nos Avocats\"}]},{\"@type\":\"WebSite\",\"@id\":\"https:\/\/www.ckrlaw.law\/en\/#website\",\"url\":\"https:\/\/www.ckrlaw.law\/en\/\",\"name\":\"CKR-Laws\",\"description\":\"\",\"publisher\":{\"@id\":\"https:\/\/www.ckrlaw.law\/en\/#organization\"},\"potentialAction\":[{\"@type\":\"SearchAction\",\"target\":{\"@type\":\"EntryPoint\",\"urlTemplate\":\"https:\/\/www.ckrlaw.law\/en\/?s={search_term_string}\"},\"query-input\":{\"@type\":\"PropertyValueSpecification\",\"valueRequired\":true,\"valueName\":\"search_term_string\"}}],\"inLanguage\":\"en-US\"},{\"@type\":\"Organization\",\"@id\":\"https:\/\/www.ckrlaw.law\/en\/#organization\",\"name\":\"CKR-Laws\",\"url\":\"https:\/\/www.ckrlaw.law\/en\/\",\"logo\":{\"@type\":\"ImageObject\",\"inLanguage\":\"en-US\",\"@id\":\"https:\/\/www.ckrlaw.law\/en\/#\/schema\/logo\/image\/\",\"url\":\"https:\/\/www.ckrlaw.law\/wp-content\/uploads\/2026\/01\/cropped-logo-favicone.png\",\"contentUrl\":\"https:\/\/www.ckrlaw.law\/wp-content\/uploads\/2026\/01\/cropped-logo-favicone.png\",\"width\":512,\"height\":512,\"caption\":\"CKR-Laws\"},\"image\":{\"@id\":\"https:\/\/www.ckrlaw.law\/en\/#\/schema\/logo\/image\/\"},\"sameAs\":[\"https:\/\/www.facebook.com\/CKRLawLLP\",\"https:\/\/x.com\/ckr_law\",\"https:\/\/www.linkedin.com\/company\/ckr-law-paris\/?originalSubdomain=fr\"]}]}<\/script>\n<!-- \/ Yoast SEO plugin. -->","yoast_head_json":{"title":"Nos Avocats | Cabinet d'Avocats d'Affaires Paris | CKR Law","description":"D\u00e9couvrez l'\u00e9quipe d'avocats du cabinet CKR Law \u00e0 Paris. Des experts engag\u00e9s pour vous conseiller et d\u00e9fendre vos int\u00e9r\u00eats.","robots":{"index":"index","follow":"follow","max-snippet":"max-snippet:-1","max-image-preview":"max-image-preview:large","max-video-preview":"max-video-preview:-1"},"canonical":"https:\/\/www.ckrlaw.law\/en\/nos-avocats\/","og_locale":"en_US","og_type":"article","og_title":"Nos Avocats | Cabinet d'Avocats d'Affaires Paris | CKR Law","og_description":"D\u00e9couvrez l'\u00e9quipe d'avocats du cabinet CKR Law \u00e0 Paris. Des experts engag\u00e9s pour vous conseiller et d\u00e9fendre vos int\u00e9r\u00eats.","og_url":"https:\/\/www.ckrlaw.law\/en\/nos-avocats\/","og_site_name":"CKR-Laws","article_publisher":"https:\/\/www.facebook.com\/CKRLawLLP","article_modified_time":"2026-03-06T13:32:18+00:00","twitter_card":"summary_large_image","twitter_site":"@ckr_law","schema":{"@context":"https:\/\/schema.org","@graph":[{"@type":"WebPage","@id":"https:\/\/www.ckrlaw.law\/en\/nos-avocats\/","url":"https:\/\/www.ckrlaw.law\/en\/nos-avocats\/","name":"Nos Avocats | Cabinet d'Avocats d'Affaires Paris | CKR Law","isPartOf":{"@id":"https:\/\/www.ckrlaw.law\/en\/#website"},"datePublished":"2025-01-17T14:12:37+00:00","dateModified":"2026-03-06T13:32:18+00:00","description":"D\u00e9couvrez l'\u00e9quipe d'avocats du cabinet CKR Law \u00e0 Paris. Des experts engag\u00e9s pour vous conseiller et d\u00e9fendre vos int\u00e9r\u00eats.","breadcrumb":{"@id":"https:\/\/www.ckrlaw.law\/en\/nos-avocats\/#breadcrumb"},"inLanguage":"en-US","potentialAction":[{"@type":"ReadAction","target":["https:\/\/www.ckrlaw.law\/en\/nos-avocats\/"]}]},{"@type":"BreadcrumbList","@id":"https:\/\/www.ckrlaw.law\/en\/nos-avocats\/#breadcrumb","itemListElement":[{"@type":"ListItem","position":1,"name":"Accueil","item":"https:\/\/www.ckrlaw.law\/en\/"},{"@type":"ListItem","position":2,"name":"Nos Avocats"}]},{"@type":"WebSite","@id":"https:\/\/www.ckrlaw.law\/en\/#website","url":"https:\/\/www.ckrlaw.law\/en\/","name":"CKR-Laws","description":"","publisher":{"@id":"https:\/\/www.ckrlaw.law\/en\/#organization"},"potentialAction":[{"@type":"SearchAction","target":{"@type":"EntryPoint","urlTemplate":"https:\/\/www.ckrlaw.law\/en\/?s={search_term_string}"},"query-input":{"@type":"PropertyValueSpecification","valueRequired":true,"valueName":"search_term_string"}}],"inLanguage":"en-US"},{"@type":"Organization","@id":"https:\/\/www.ckrlaw.law\/en\/#organization","name":"CKR-Laws","url":"https:\/\/www.ckrlaw.law\/en\/","logo":{"@type":"ImageObject","inLanguage":"en-US","@id":"https:\/\/www.ckrlaw.law\/en\/#\/schema\/logo\/image\/","url":"https:\/\/www.ckrlaw.law\/wp-content\/uploads\/2026\/01\/cropped-logo-favicone.png","contentUrl":"https:\/\/www.ckrlaw.law\/wp-content\/uploads\/2026\/01\/cropped-logo-favicone.png","width":512,"height":512,"caption":"CKR-Laws"},"image":{"@id":"https:\/\/www.ckrlaw.law\/en\/#\/schema\/logo\/image\/"},"sameAs":["https:\/\/www.facebook.com\/CKRLawLLP","https:\/\/x.com\/ckr_law","https:\/\/www.linkedin.com\/company\/ckr-law-paris\/?originalSubdomain=fr"]}]}},"_links":{"self":[{"href":"https:\/\/www.ckrlaw.law\/en\/wp-json\/wp\/v2\/pages\/79","targetHints":{"allow":["GET"]}}],"collection":[{"href":"https:\/\/www.ckrlaw.law\/en\/wp-json\/wp\/v2\/pages"}],"about":[{"href":"https:\/\/www.ckrlaw.law\/en\/wp-json\/wp\/v2\/types\/page"}],"author":[{"embeddable":true,"href":"https:\/\/www.ckrlaw.law\/en\/wp-json\/wp\/v2\/users\/1"}],"replies":[{"embeddable":true,"href":"https:\/\/www.ckrlaw.law\/en\/wp-json\/wp\/v2\/comments?post=79"}],"version-history":[{"count":11,"href":"https:\/\/www.ckrlaw.law\/en\/wp-json\/wp\/v2\/pages\/79\/revisions"}],"predecessor-version":[{"id":695,"href":"https:\/\/www.ckrlaw.law\/en\/wp-json\/wp\/v2\/pages\/79\/revisions\/695"}],"wp:attachment":[{"href":"https:\/\/www.ckrlaw.law\/en\/wp-json\/wp\/v2\/media?parent=79"}],"curies":[{"name":"wp","href":"https:\/\/api.w.org\/{rel}","templated":true}]}}